{"id":2491,"date":"2016-12-08T14:21:54","date_gmt":"2016-12-08T14:21:54","guid":{"rendered":"http:\/\/www.thesamplers.de\/wordpress\/?page_id=2491"},"modified":"2024-04-09T08:47:48","modified_gmt":"2024-04-09T08:47:48","slug":"gruppenfoto","status":"publish","type":"page","link":"https:\/\/www.thesamplers.de\/wordpress\/index.php\/gruppenfoto\/","title":{"rendered":"The Samplers"},"content":{"rendered":"<p>The Samplers treffen sich im Rahmen der VHS Neubiberg monatlich w\u00e4hrend des Semesters. Au\u00dferdem fahren wir ein Wochenende im Jahr gemeinsam weg um zu n\u00e4hen, quilten, lernen und mehr!<\/p>\n\n\n<figure class=\"wp-block-gallery has-nested-images columns-2 wp-block-gallery-1 is-layout-flex wp-block-gallery-is-layout-flex\">\n<figure class=\"wp-block-image is-style-default\"><img loading=\"lazy\" decoding=\"async\" width=\"600\" height=\"400\" data-id=\"3247\" src=\"https:\/\/www.thesamplers.de\/wordpress\/wp-content\/uploads\/2024\/04\/TheSamplers2024-md.jpg\" alt=\"TheSamplers 2024\" class=\"wp-image-3247\" srcset=\"https:\/\/www.thesamplers.de\/wordpress\/wp-content\/uploads\/2024\/04\/TheSamplers2024-md.jpg 600w, https:\/\/www.thesamplers.de\/wordpress\/wp-content\/uploads\/2024\/04\/TheSamplers2024-md-300x200.jpg 300w\" sizes=\"auto, (max-width: 600px) 100vw, 600px\" \/><\/figure>\n\n\n\n<figure class=\"wp-block-image is-style-default\"><img loading=\"lazy\" decoding=\"async\" width=\"1024\" height=\"738\" data-id=\"2982\" src=\"https:\/\/www.thesamplers.de\/wordpress\/wp-content\/uploads\/2019\/12\/Samplers2019-1024x738.jpg\" alt=\"\" class=\"wp-image-2982\" srcset=\"https:\/\/www.thesamplers.de\/wordpress\/wp-content\/uploads\/2019\/12\/Samplers2019-1024x738.jpg 1024w, https:\/\/www.thesamplers.de\/wordpress\/wp-content\/uploads\/2019\/12\/Samplers2019-300x216.jpg 300w, https:\/\/www.thesamplers.de\/wordpress\/wp-content\/uploads\/2019\/12\/Samplers2019-768x553.jpg 768w\" sizes=\"auto, (max-width: 1024px) 100vw, 1024px\" \/><\/figure>\n\n\n\n<figure class=\"wp-block-image is-style-default\"><img loading=\"lazy\" decoding=\"async\" width=\"1024\" height=\"755\" data-id=\"2873\" src=\"https:\/\/www.thesamplers.de\/wordpress\/wp-content\/uploads\/2019\/11\/Spende2-1024x755.jpg\" alt=\"Spenden an N\u00e4hatelier La Silhouette\" class=\"wp-image-2873\" srcset=\"https:\/\/www.thesamplers.de\/wordpress\/wp-content\/uploads\/2019\/11\/Spende2-1024x755.jpg 1024w, https:\/\/www.thesamplers.de\/wordpress\/wp-content\/uploads\/2019\/11\/Spende2-300x221.jpg 300w, https:\/\/www.thesamplers.de\/wordpress\/wp-content\/uploads\/2019\/11\/Spende2-768x566.jpg 768w\" sizes=\"auto, (max-width: 1024px) 100vw, 1024px\" \/><\/figure>\n\n\n\n<figure class=\"wp-block-image is-style-default\"><img loading=\"lazy\" decoding=\"async\" width=\"300\" height=\"250\" data-id=\"2960\" src=\"https:\/\/www.thesamplers.de\/wordpress\/wp-content\/uploads\/2019\/12\/Verlosung-3.jpg\" alt=\"\" class=\"wp-image-2960\"\/><\/figure>\n\n\n\n<figure class=\"wp-block-image is-style-default\"><img loading=\"lazy\" decoding=\"async\" width=\"600\" height=\"450\" data-id=\"2621\" src=\"https:\/\/www.thesamplers.de\/wordpress\/wp-content\/uploads\/2017\/03\/Aiterbach-1_sm.jpg\" alt=\"The Samplers - Mitglieder\" class=\"wp-image-2621\" srcset=\"https:\/\/www.thesamplers.de\/wordpress\/wp-content\/uploads\/2017\/03\/Aiterbach-1_sm.jpg 600w, https:\/\/www.thesamplers.de\/wordpress\/wp-content\/uploads\/2017\/03\/Aiterbach-1_sm-300x225.jpg 300w\" sizes=\"auto, (max-width: 600px) 100vw, 600px\" \/><\/figure>\n\n\n\n<figure class=\"wp-block-image is-style-default\"><img loading=\"lazy\" decoding=\"async\" width=\"600\" height=\"768\" data-id=\"2714\" src=\"https:\/\/www.thesamplers.de\/wordpress\/wp-content\/uploads\/2018\/10\/16-a.jpg\" alt=\"\" class=\"wp-image-2714\" srcset=\"https:\/\/www.thesamplers.de\/wordpress\/wp-content\/uploads\/2018\/10\/16-a.jpg 600w, https:\/\/www.thesamplers.de\/wordpress\/wp-content\/uploads\/2018\/10\/16-a-234x300.jpg 234w\" sizes=\"auto, (max-width: 600px) 100vw, 600px\" \/><\/figure>\n\n\n\n<figure class=\"wp-block-image is-style-default\"><img loading=\"lazy\" decoding=\"async\" width=\"600\" height=\"704\" data-id=\"2712\" src=\"https:\/\/www.thesamplers.de\/wordpress\/wp-content\/uploads\/2018\/10\/15-a.jpg\" alt=\"\" class=\"wp-image-2712\" srcset=\"https:\/\/www.thesamplers.de\/wordpress\/wp-content\/uploads\/2018\/10\/15-a.jpg 600w, https:\/\/www.thesamplers.de\/wordpress\/wp-content\/uploads\/2018\/10\/15-a-256x300.jpg 256w\" sizes=\"auto, (max-width: 600px) 100vw, 600px\" \/><\/figure>\n\n\n\n<figure class=\"wp-block-image is-style-default\"><img loading=\"lazy\" decoding=\"async\" width=\"300\" height=\"551\" data-id=\"2768\" src=\"https:\/\/www.thesamplers.de\/wordpress\/wp-content\/uploads\/2018\/11\/Me-sm.jpg\" alt=\"\" class=\"wp-image-2768\" srcset=\"https:\/\/www.thesamplers.de\/wordpress\/wp-content\/uploads\/2018\/11\/Me-sm.jpg 300w, https:\/\/www.thesamplers.de\/wordpress\/wp-content\/uploads\/2018\/11\/Me-sm-163x300.jpg 163w\" sizes=\"auto, (max-width: 300px) 100vw, 300px\" \/><\/figure>\n\n\n\n<figure class=\"wp-block-image is-style-default\"><img loading=\"lazy\" decoding=\"async\" width=\"600\" height=\"858\" data-id=\"2663\" src=\"https:\/\/www.thesamplers.de\/wordpress\/wp-content\/uploads\/2017\/03\/Gemeinschaft2_sm-1.jpg\" alt=\"\" class=\"wp-image-2663\" srcset=\"https:\/\/www.thesamplers.de\/wordpress\/wp-content\/uploads\/2017\/03\/Gemeinschaft2_sm-1.jpg 600w, https:\/\/www.thesamplers.de\/wordpress\/wp-content\/uploads\/2017\/03\/Gemeinschaft2_sm-1-210x300.jpg 210w\" sizes=\"auto, (max-width: 600px) 100vw, 600px\" \/><\/figure>\n\n\n\n<figure class=\"wp-block-image is-style-default\"><img loading=\"lazy\" decoding=\"async\" width=\"1024\" height=\"684\" data-id=\"2767\" src=\"https:\/\/www.thesamplers.de\/wordpress\/wp-content\/uploads\/2018\/11\/Carmit-rg-1024x684.jpg\" alt=\"\" class=\"wp-image-2767\" srcset=\"https:\/\/www.thesamplers.de\/wordpress\/wp-content\/uploads\/2018\/11\/Carmit-rg-1024x684.jpg 1024w, https:\/\/www.thesamplers.de\/wordpress\/wp-content\/uploads\/2018\/11\/Carmit-rg-300x200.jpg 300w, https:\/\/www.thesamplers.de\/wordpress\/wp-content\/uploads\/2018\/11\/Carmit-rg-768x513.jpg 768w, https:\/\/www.thesamplers.de\/wordpress\/wp-content\/uploads\/2018\/11\/Carmit-rg.jpg 2000w\" sizes=\"auto, (max-width: 1024px) 100vw, 1024px\" \/><\/figure>\n\n\n\n<figure class=\"wp-block-image is-style-default\"><img loading=\"lazy\" decoding=\"async\" width=\"521\" height=\"364\" data-id=\"2664\" src=\"https:\/\/www.thesamplers.de\/wordpress\/wp-content\/uploads\/2017\/03\/Gewinner2_crop.jpg\" alt=\"\" class=\"wp-image-2664\" srcset=\"https:\/\/www.thesamplers.de\/wordpress\/wp-content\/uploads\/2017\/03\/Gewinner2_crop.jpg 521w, https:\/\/www.thesamplers.de\/wordpress\/wp-content\/uploads\/2017\/03\/Gewinner2_crop-300x210.jpg 300w, https:\/\/www.thesamplers.de\/wordpress\/wp-content\/uploads\/2017\/03\/Gewinner2_crop-400x280.jpg 400w\" sizes=\"auto, (max-width: 521px) 100vw, 521px\" \/><\/figure>\n\n\n\n<figure class=\"wp-block-image is-style-default\"><img loading=\"lazy\" decoding=\"async\" width=\"600\" height=\"639\" data-id=\"2679\" src=\"https:\/\/www.thesamplers.de\/wordpress\/wp-content\/uploads\/2018\/01\/PQuilts1_xs.jpg\" alt=\"\" class=\"wp-image-2679\" srcset=\"https:\/\/www.thesamplers.de\/wordpress\/wp-content\/uploads\/2018\/01\/PQuilts1_xs.jpg 600w, https:\/\/www.thesamplers.de\/wordpress\/wp-content\/uploads\/2018\/01\/PQuilts1_xs-282x300.jpg 282w\" sizes=\"auto, (max-width: 600px) 100vw, 600px\" \/><\/figure>\n<\/figure>\n","protected":false},"excerpt":{"rendered":"<p>The Samplers treffen sich im Rahmen der VHS Neubiberg monatlich w\u00e4hrend des Semesters. Au\u00dferdem fahren wir ein Wochenende im Jahr gemeinsam weg um zu n\u00e4hen, quilten, lernen und mehr!<\/p>\n","protected":false},"author":1,"featured_media":3279,"parent":0,"menu_order":0,"comment_status":"closed","ping_status":"closed","template":"","meta":{"footnotes":""},"class_list":["post-2491","page","type-page","status-publish","has-post-thumbnail","hentry"],"post_mailing_queue_ids":[],"_links":{"self":[{"href":"https:\/\/www.thesamplers.de\/wordpress\/index.php\/wp-json\/wp\/v2\/pages\/2491","targetHints":{"allow":["GET"]}}],"collection":[{"href":"https:\/\/www.thesamplers.de\/wordpress\/index.php\/wp-json\/wp\/v2\/pages"}],"about":[{"href":"https:\/\/www.thesamplers.de\/wordpress\/index.php\/wp-json\/wp\/v2\/types\/page"}],"author":[{"embeddable":true,"href":"https:\/\/www.thesamplers.de\/wordpress\/index.php\/wp-json\/wp\/v2\/users\/1"}],"replies":[{"embeddable":true,"href":"https:\/\/www.thesamplers.de\/wordpress\/index.php\/wp-json\/wp\/v2\/comments?post=2491"}],"version-history":[{"count":6,"href":"https:\/\/www.thesamplers.de\/wordpress\/index.php\/wp-json\/wp\/v2\/pages\/2491\/revisions"}],"predecessor-version":[{"id":3272,"href":"https:\/\/www.thesamplers.de\/wordpress\/index.php\/wp-json\/wp\/v2\/pages\/2491\/revisions\/3272"}],"wp:featuredmedia":[{"embeddable":true,"href":"https:\/\/www.thesamplers.de\/wordpress\/index.php\/wp-json\/wp\/v2\/media\/3279"}],"wp:attachment":[{"href":"https:\/\/www.thesamplers.de\/wordpress\/index.php\/wp-json\/wp\/v2\/media?parent=2491"}],"curies":[{"name":"wp","href":"https:\/\/api.w.org\/{rel}","templated":true}]}}